{"id":12604,"date":"2023-04-26T21:53:03","date_gmt":"2023-04-26T19:53:03","guid":{"rendered":"https:\/\/www.hiringlab.org\/fr\/?page_id=12604"},"modified":"2023-05-16T17:25:45","modified_gmt":"2023-05-16T15:25:45","slug":"partenaires-institutionnels","status":"publish","type":"page","link":"https:\/\/www.hiringlab.org\/fr\/partenaires-institutionnels\/","title":{"rendered":"Partenaires Institutionnels"},"content":{"rendered":"\n<p>Les donn\u00e9es Indeed Hiring&nbsp;Lab sont utilis\u00e9es par plusieurs organisations et ONG d\u00e9cisionnaires \u00e0 travers le monde pour produire des recherches approfondies. Vous trouverez ci-dessous quelques exemples de nos partenaires d\u00e9cisionnaires et de leurs projets&nbsp;:<\/p>\n\n\n\n<p>Le&nbsp;<strong>Fonds mon\u00e9taire international<\/strong>&nbsp;(FMI) utilise<a href=\"https:\/\/www.imf.org\/en\/Publications\/WEO\/Issues\/2020\/09\/30\/world-economic-outlook-october-2020#Chapter%202:%20The%20Great%20Lockdown,%20Dissecting%20The%20Economic%20Effects\" target=\"_blank\" rel=\"noreferrer noopener\">&nbsp;nos donn\u00e9es dans ses&nbsp;<\/a>Perspectives de l\u2019\u00e9conomie mondiale pour analyser les effets \u00e9conomiques de la pand\u00e9mie.<\/p>\n\n\n\n<p>L\u2019<strong>Organisation de coop\u00e9ration et de d\u00e9veloppement \u00e9conomiques<\/strong>&nbsp;(OCDE) utilise nos donn\u00e9es pour renforcer son \u00e9valuation de la situation macro\u00e9conomique dans ses&nbsp;<a href=\"https:\/\/www.oecd-ilibrary.org\/sites\/edfbca02-en\/1\/3\/1\/index.html?itemId=\/content\/publication\/edfbca02-en&amp;_ga=2.226829405.1520496017.1622451373-1137050459.1590680512&amp;_csp_=db1589373f9d2ad2f9935628d9528c9b&amp;itemIGO=oecd&amp;itemContentType=book#section-d1e218\" target=\"_blank\" rel=\"noreferrer noopener\">Perspectives \u00e9conomiques<\/a>. De plus, les chercheurs de l\u2019OCDE ont collabor\u00e9 avec des \u00e9conomistes d\u2019Indeed pour produire des&nbsp;<a href=\"https:\/\/www.oecd-ilibrary.org\/economics\/will-it-stay-or-will-it-go-analysing-developments-in-telework-during-covid-19-using-online-job-postings-data_aed3816e-en\" target=\"_blank\" rel=\"noreferrer noopener\">recherches sur la persistance du t\u00e9l\u00e9travail<\/a>.<\/p>\n\n\n\n<p>La&nbsp;<strong>Banque centrale europ\u00e9enne<\/strong>&nbsp;(BCE) a utilis\u00e9 nos donn\u00e9es dans son&nbsp;<a href=\"https:\/\/www.ecb.europa.eu\/pub\/economic-bulletin\/focus\/2020\/html\/ecb.ebbox202005_06~a8d6c566d3.en.html\" target=\"_blank\" rel=\"noreferrer noopener\">Bulletin \u00e9conomique<\/a>.<\/p>\n\n\n\n<p>Les chercheurs de la&nbsp;<strong>Bank of England<\/strong>&nbsp;(BoE) ont analys\u00e9 nos donn\u00e9es dans des documents de travail tels que \u00ab&nbsp;<a href=\"https:\/\/www.bankofengland.co.uk\/working-paper\/2022\/business-creation-during-covid-19\" target=\"_blank\" rel=\"noreferrer noopener\">Business creation during Covid-19<\/a>&nbsp;\u00bb. Ces donn\u00e9es ont \u00e9galement servi pour des&nbsp;<a href=\"https:\/\/www.bankofengland.co.uk\/-\/media\/boe\/files\/monetary-policy-summary-and-minutes\/2020\/may-2020.pdf?la=en&amp;hash=A4E7A06A5CB3ABF8B4F8A28BAF66A92E9DA9864E\" target=\"_blank\" rel=\"noreferrer noopener\">d\u00e9bats sur la politique mon\u00e9taire<\/a>&nbsp;au sein de la BoE.<\/p>\n\n\n\n<p>La&nbsp;<strong>Federal Reserve Bank of Minneapolis<\/strong>&nbsp;a inclus certaines des donn\u00e9es des offres d\u2019emploi d\u2019Indeed en tant qu\u2019indicateurs \u00e9conomiques en temps r\u00e9el dans son document&nbsp;<a href=\"https:\/\/www.minneapolisfed.org\/region-and-community\/regional-economic-indicators\/covid-19-and-the-ninth-district-economy-a-dashboard#labor-business\" target=\"_blank\" rel=\"noreferrer noopener\">COVID-19 and the Ninth District economy: A dashboard<\/a>.<\/p>\n\n\n\n<p>Les donn\u00e9es d\u2019Indeed sont disponibles dans la&nbsp;<a href=\"https:\/\/fred.stlouisfed.org\/release?rid=476\" target=\"_blank\" rel=\"noreferrer noopener\">base de donn\u00e9es en ligne FRED (Federal Reserve Economic Data)<\/a>&nbsp;de la&nbsp;<strong>Federal Reserve de Saint Louis<\/strong>.<\/p>\n\n\n\n<p><strong>Le minist\u00e8re des Finances du Canada&nbsp;<\/strong>a mis en avant nos donn\u00e9es dans son&nbsp;<a href=\"https:\/\/www.canada.ca\/en\/department-finance\/services\/publications\/economic-fiscal-snapshot\/economic-fiscal-profile.html\" target=\"_blank\" rel=\"noreferrer noopener\">Portrait \u00e9conomique et budg\u00e9taire de 2020<\/a><strong>.<\/strong><\/p>\n\n\n\n<p>La&nbsp;<strong>Banque du Canada<\/strong>&nbsp;a inclus nos donn\u00e9es dans son&nbsp;<a href=\"https:\/\/www.bankofcanada.ca\/wp-content\/uploads\/2021\/07\/mpr-2021-07-14.pdf\" target=\"_blank\" rel=\"noreferrer noopener\">Rapport sur la politique mon\u00e9taire<\/a>&nbsp;et dans ses recherches, notamment \u00ab&nbsp;<a href=\"https:\/\/www.bankofcanada.ca\/wp-content\/uploads\/2021\/08\/san2021-18.pdf\" target=\"_blank\" rel=\"noreferrer noopener\">Canadian job postings in digital sectors during COVID-19<\/a>&nbsp;\u00bb.<\/p>\n\n\n\n<p>La&nbsp;<strong>Reserve Bank of Australia<\/strong>&nbsp;a utilis\u00e9 nos donn\u00e9es dans son \u00e9valuation de l\u2019environnement international dans leur document&nbsp;<a href=\"https:\/\/www.rba.gov.au\/publications\/smp\/2021\/may\/the-international-environment.html\" target=\"_blank\" rel=\"noreferrer noopener\">Statement on Monetary Policy<\/a>.<\/p>\n","protected":false},"excerpt":{"rendered":"<p>Les donn\u00e9es Indeed Hiring&nbsp;Lab sont utilis\u00e9es par plusieurs organisations et ONG d\u00e9cisionnaires \u00e0 travers le monde pour produire des recherches approfondies. Vous trouverez ci-dessous quelques exemples de nos partenaires d\u00e9cisionnaires et de leurs projets&nbsp;: Le&nbsp;Fonds mon\u00e9taire international&nbsp;(FMI) utilise&nbsp;nos donn\u00e9es dans ses&nbsp;Perspectives de l\u2019\u00e9conomie mondiale pour analyser les effets \u00e9conomiques de la pand\u00e9mie. L\u2019Organisation de coop\u00e9ration [&hellip;]<\/p>\n","protected":false},"author":103,"featured_media":0,"parent":0,"menu_order":0,"comment_status":"closed","ping_status":"closed","template":"recruiter-hub-blocks.php","meta":{"_acf_changed":false,"footnotes":""},"page_mwm_category":[],"page_topic":[],"page_content_type":[],"page_duration":[],"page_actions":[],"page_franchise":[],"page_mwm_author":[],"class_list":["post-12604","page","type-page","status-publish","hentry"],"acf":[],"yoast_head":"<!-- This site is optimized with the Yoast SEO plugin v27.2 - https:\/\/yoast.com\/product\/yoast-seo-wordpress\/ -->\n<title>Partenaires Institutionnels - Indeed Hiring Lab France<\/title>\n<meta name=\"description\" content=\"Les donn\u00e9es Indeed Hiring\u00a0Lab sont utilis\u00e9es par plusieurs organisations et ONG d\u00e9cisionnaires \u00e0 travers le monde pour produire des recherches approfondies.\" \/>\n<meta name=\"robots\" content=\"index, follow, max-snippet:-1, max-image-preview:large, max-video-preview:-1\" \/>\n<link rel=\"canonical\" href=\"https:\/\/www.hiringlab.org\/fr\/partenaires-institutionnels\/\" \/>\n<meta property=\"og:locale\" content=\"fr_FR\" \/>\n<meta property=\"og:type\" content=\"article\" \/>\n<meta property=\"og:title\" content=\"Partenaires Institutionnels - Indeed Hiring Lab France\" \/>\n<meta property=\"og:description\" content=\"Les donn\u00e9es Indeed Hiring\u00a0Lab sont utilis\u00e9es par plusieurs organisations et ONG d\u00e9cisionnaires \u00e0 travers le monde pour produire des recherches approfondies.\" \/>\n<meta property=\"og:url\" content=\"https:\/\/www.hiringlab.org\/fr\/partenaires-institutionnels\/\" \/>\n<meta property=\"og:site_name\" content=\"Indeed Hiring Lab France\" \/>\n<meta property=\"article:modified_time\" content=\"2023-05-16T15:25:45+00:00\" \/>\n<meta name=\"twitter:card\" content=\"summary_large_image\" \/>\n<script type=\"application\/ld+json\" class=\"yoast-schema-graph\">{\"@context\":\"https:\/\/schema.org\",\"@graph\":[{\"@type\":\"WebPage\",\"@id\":\"https:\/\/www.hiringlab.org\/fr\/partenaires-institutionnels\/\",\"url\":\"https:\/\/www.hiringlab.org\/fr\/partenaires-institutionnels\/\",\"name\":\"Partenaires Institutionnels - Indeed Hiring Lab France\",\"isPartOf\":{\"@id\":\"https:\/\/www.hiringlab.org\/fr\/#website\"},\"datePublished\":\"2023-04-26T19:53:03+00:00\",\"dateModified\":\"2023-05-16T15:25:45+00:00\",\"description\":\"Les donn\u00e9es Indeed Hiring\u00a0Lab sont utilis\u00e9es par plusieurs organisations et ONG d\u00e9cisionnaires \u00e0 travers le monde pour produire des recherches approfondies.\",\"breadcrumb\":{\"@id\":\"https:\/\/www.hiringlab.org\/fr\/partenaires-institutionnels\/#breadcrumb\"},\"inLanguage\":\"fr-FR\",\"potentialAction\":[{\"@type\":\"ReadAction\",\"target\":[\"https:\/\/www.hiringlab.org\/fr\/partenaires-institutionnels\/\"]}]},{\"@type\":\"BreadcrumbList\",\"@id\":\"https:\/\/www.hiringlab.org\/fr\/partenaires-institutionnels\/#breadcrumb\",\"itemListElement\":[{\"@type\":\"ListItem\",\"position\":1,\"name\":\"Home\",\"item\":\"https:\/\/www.hiringlab.org\/fr\/\"},{\"@type\":\"ListItem\",\"position\":2,\"name\":\"Partenaires Institutionnels\"}]},{\"@type\":\"WebSite\",\"@id\":\"https:\/\/www.hiringlab.org\/fr\/#website\",\"url\":\"https:\/\/www.hiringlab.org\/fr\/\",\"name\":\"Indeed Hiring Lab France\",\"description\":\"Just another Wordpress Admins Site Sites site\",\"potentialAction\":[{\"@type\":\"SearchAction\",\"target\":{\"@type\":\"EntryPoint\",\"urlTemplate\":\"https:\/\/www.hiringlab.org\/fr\/?s={search_term_string}\"},\"query-input\":{\"@type\":\"PropertyValueSpecification\",\"valueRequired\":true,\"valueName\":\"search_term_string\"}}],\"inLanguage\":\"fr-FR\"}]}<\/script>\n<!-- \/ Yoast SEO plugin. -->","yoast_head_json":{"title":"Partenaires Institutionnels - Indeed Hiring Lab France","description":"Les donn\u00e9es Indeed Hiring\u00a0Lab sont utilis\u00e9es par plusieurs organisations et ONG d\u00e9cisionnaires \u00e0 travers le monde pour produire des recherches approfondies.","robots":{"index":"index","follow":"follow","max-snippet":"max-snippet:-1","max-image-preview":"max-image-preview:large","max-video-preview":"max-video-preview:-1"},"canonical":"https:\/\/www.hiringlab.org\/fr\/partenaires-institutionnels\/","og_locale":"fr_FR","og_type":"article","og_title":"Partenaires Institutionnels - Indeed Hiring Lab France","og_description":"Les donn\u00e9es Indeed Hiring\u00a0Lab sont utilis\u00e9es par plusieurs organisations et ONG d\u00e9cisionnaires \u00e0 travers le monde pour produire des recherches approfondies.","og_url":"https:\/\/www.hiringlab.org\/fr\/partenaires-institutionnels\/","og_site_name":"Indeed Hiring Lab France","article_modified_time":"2023-05-16T15:25:45+00:00","twitter_card":"summary_large_image","schema":{"@context":"https:\/\/schema.org","@graph":[{"@type":"WebPage","@id":"https:\/\/www.hiringlab.org\/fr\/partenaires-institutionnels\/","url":"https:\/\/www.hiringlab.org\/fr\/partenaires-institutionnels\/","name":"Partenaires Institutionnels - Indeed Hiring Lab France","isPartOf":{"@id":"https:\/\/www.hiringlab.org\/fr\/#website"},"datePublished":"2023-04-26T19:53:03+00:00","dateModified":"2023-05-16T15:25:45+00:00","description":"Les donn\u00e9es Indeed Hiring\u00a0Lab sont utilis\u00e9es par plusieurs organisations et ONG d\u00e9cisionnaires \u00e0 travers le monde pour produire des recherches approfondies.","breadcrumb":{"@id":"https:\/\/www.hiringlab.org\/fr\/partenaires-institutionnels\/#breadcrumb"},"inLanguage":"fr-FR","potentialAction":[{"@type":"ReadAction","target":["https:\/\/www.hiringlab.org\/fr\/partenaires-institutionnels\/"]}]},{"@type":"BreadcrumbList","@id":"https:\/\/www.hiringlab.org\/fr\/partenaires-institutionnels\/#breadcrumb","itemListElement":[{"@type":"ListItem","position":1,"name":"Home","item":"https:\/\/www.hiringlab.org\/fr\/"},{"@type":"ListItem","position":2,"name":"Partenaires Institutionnels"}]},{"@type":"WebSite","@id":"https:\/\/www.hiringlab.org\/fr\/#website","url":"https:\/\/www.hiringlab.org\/fr\/","name":"Indeed Hiring Lab France","description":"Just another Wordpress Admins Site Sites site","potentialAction":[{"@type":"SearchAction","target":{"@type":"EntryPoint","urlTemplate":"https:\/\/www.hiringlab.org\/fr\/?s={search_term_string}"},"query-input":{"@type":"PropertyValueSpecification","valueRequired":true,"valueName":"search_term_string"}}],"inLanguage":"fr-FR"}]}},"_links":{"self":[{"href":"https:\/\/www.hiringlab.org\/fr\/wp-json\/wp\/v2\/pages\/12604","targetHints":{"allow":["GET"]}}],"collection":[{"href":"https:\/\/www.hiringlab.org\/fr\/wp-json\/wp\/v2\/pages"}],"about":[{"href":"https:\/\/www.hiringlab.org\/fr\/wp-json\/wp\/v2\/types\/page"}],"author":[{"embeddable":true,"href":"https:\/\/www.hiringlab.org\/fr\/wp-json\/wp\/v2\/users\/103"}],"replies":[{"embeddable":true,"href":"https:\/\/www.hiringlab.org\/fr\/wp-json\/wp\/v2\/comments?post=12604"}],"version-history":[{"count":0,"href":"https:\/\/www.hiringlab.org\/fr\/wp-json\/wp\/v2\/pages\/12604\/revisions"}],"wp:attachment":[{"href":"https:\/\/www.hiringlab.org\/fr\/wp-json\/wp\/v2\/media?parent=12604"}],"wp:term":[{"taxonomy":"page_mwm_category","embeddable":true,"href":"https:\/\/www.hiringlab.org\/fr\/wp-json\/wp\/v2\/page_mwm_category?post=12604"},{"taxonomy":"page_topic","embeddable":true,"href":"https:\/\/www.hiringlab.org\/fr\/wp-json\/wp\/v2\/page_topic?post=12604"},{"taxonomy":"page_content_type","embeddable":true,"href":"https:\/\/www.hiringlab.org\/fr\/wp-json\/wp\/v2\/page_content_type?post=12604"},{"taxonomy":"page_duration","embeddable":true,"href":"https:\/\/www.hiringlab.org\/fr\/wp-json\/wp\/v2\/page_duration?post=12604"},{"taxonomy":"page_actions","embeddable":true,"href":"https:\/\/www.hiringlab.org\/fr\/wp-json\/wp\/v2\/page_actions?post=12604"},{"taxonomy":"page_franchise","embeddable":true,"href":"https:\/\/www.hiringlab.org\/fr\/wp-json\/wp\/v2\/page_franchise?post=12604"},{"taxonomy":"page_mwm_author","embeddable":true,"href":"https:\/\/www.hiringlab.org\/fr\/wp-json\/wp\/v2\/page_mwm_author?post=12604"}],"curies":[{"name":"wp","href":"https:\/\/api.w.org\/{rel}","templated":true}]}}