{"id":12312,"date":"2022-04-12T15:35:57","date_gmt":"2022-04-12T15:35:57","guid":{"rendered":"https:\/\/hiringlaborg.wpengine.com\/de\/?page_id=12312"},"modified":"2025-03-26T18:07:29","modified_gmt":"2025-03-26T17:07:29","slug":"uber-uns","status":"publish","type":"page","link":"https:\/\/www.hiringlab.org\/de\/uber-uns\/","title":{"rendered":"\u00dcber uns"},"content":{"rendered":"\n<h3 class=\"wp-block-heading has-text-align-center\"><strong><em>Unsere Forschungsprinzipien<\/em><\/strong><\/h3>\n\n\n\n<ul class=\"wp-block-list\">\n<li>Das Indeed Hiring Lab ist nicht gewinnorientiert. Unser Ziel ist es, unvoreingenommene, objektive Daten und Analysen zum globalen Arbeitsmarkt f\u00fcr verschiedene Zielgruppen bereitzustellen \u2013 darunter Unternehmen, Jobsuchende, Presse, Wissenschaft und politische Entscheidungstr\u00e4ger*innen.&nbsp;<\/li>\n\n\n\n<li>Das Indeed Hiring Lab respektiert die Datenintegrit\u00e4t. Unsere Forschung wird nicht manipuliert, um ein gew\u00fcnschtes Ergebnis zu erhalten.<\/li>\n\n\n\n<li>Unser Ziel ist es, die Forschungsmethodik des Indeed Hiring Lab in unseren Studien deutlich zu erkl\u00e4ren. M\u00f6gliche Herausforderungen in Bezug auf Daten machen wir transparent. Wir erl\u00e4utern, wie bestimmte Datenquellen und die Datenqualit\u00e4t unsere Forschung und deren Ergebnisse beeinflussen k\u00f6nnen.<\/li>\n\n\n\n<li>Um Objektivit\u00e4t und Genauigkeit zu gew\u00e4hrleisten, werden alle Studien des Indeed Hiring Lab innerhalb des Teams auf ihre Richtigkeit \u00fcberpr\u00fcft. Wenn m\u00f6glich werden die Ergebnisse mit externen Daten abgeglichen.<\/li>\n<\/ul>\n\n\n\n<h3 class=\"wp-block-heading has-text-align-center\"><strong><em>\u00dcber uns<\/em><\/strong><\/h3>\n\n\n\n<p><strong>Das Indeed Hiring Lab<\/strong> &nbsp;gewinnt aus Daten neue Erkenntnisse \u00fcber den globalen Arbeitsmarkt und ist Impulsgeber in der Debatte zum Thema Arbeit.<\/p>\n\n\n\n<p><strong>Das Indeed Hiring Lab<\/strong> ist der wirtschaftswissenschaftliche Zweig von<a href=\"http:\/\/www.indeed.com\/\" target=\"_blank\" rel=\"noreferrer noopener\"> Indeed<\/a>, der weltweit f\u00fchrenden Jobb\u00f6rse. Unser Team aus hochqualifizierten Economists und Data Scientists informiert in Echtzeit \u00fcber aktuelle Entwicklungen auf dem globalen Arbeitsmarkt \u2013 wie Einstellungstrends, Gehaltsinformationen, gefragte Qualifikationen und Arbeitgeberleistungen.<\/p>\n\n\n\n<p><strong>Das Indeed Hiring Lab<\/strong> analysiert Millionen Datens\u00e4tze, die im Laufe der Zeit auf Indeed zustande kommen. Zu diesen Daten z\u00e4hlen Stellenanzeigen, Lebensl\u00e4ufe, aber auch das Such-, Klick- und Bewerbungsverhalten von Jobsuchenden auf Indeed. Aufkommende Trends in den USA, Deutschland oder anderen Teilen der Welt k\u00f6nnen so fr\u00fchzeitig erkannt werden.<\/p>\n\n\n\n<p><strong>Das Indeed Hiring Lab<\/strong> gewinnt einzigartige Erkenntnisse, die Unternehmen, Forscher*innen, Akademiker*innen und Jobsuchenden gleicherma\u00dfen als Entscheidungsgrundlage dienen \u2013 f\u00fcr Talentmanagement, Besch\u00e4ftigung und Arbeitsmarktpolitik. Kooperationen mit einer Reihe von politischen Organisationen und NGOs helfen dabei, aktuelle und fundierte Studien zu erstellen, u. a. mit dem Internationalen W\u00e4hrungsfonds, der Europ\u00e4ischen Zentralbank und der Bank of Canada. Die Daten des Hiring Lab werden zudem regelm\u00e4\u00dfig in renommierten Wirtschaftspublikationen zitiert, z. B. The Wall Street Journal, CNN, Reuters, The Globe and Mail, Der Spiegel und The Financial Times. Regelm\u00e4\u00dfig halten die Economists des Indeed Hiring Lab Vortr\u00e4ge \u00fcber Arbeitsmarkttrends auf f\u00fchrenden Konferenzen in Wirtschaft, Politik und Wissenschaft.<\/p>\n\n\n\n<h3 class=\"wp-block-heading has-text-align-center\"><strong><em>Unsere Daten<\/em><\/strong><\/h3>\n\n\n\n<p>Alle vom Indeed Hiring Lab verwendeten Daten sind anonymisiert und aggregiert, um allgemeine Trends in den Arbeitsm\u00e4rkten der 60 L\u00e4nder, in denen Indeed vertreten ist, aufzuzeigen. Unsere Forschung konzentriert sich auf Daten aus den weltweiten Stellenanzeigen von Indeed, auf das Verhalten von Jobsuchenden auf den Websites von Indeed sowie auf andere \u00f6ffentlich zug\u00e4ngliche Quellen. Dar\u00fcber hinaus analysiert das Indeed Hiring Lab anonyme Informationen aus Lebensl\u00e4ufen, die in die Lebenslaufdatenbank von Indeed hochgeladen wurden. Weitere Informationen zu den Daten und der Methodik des Indeed Hiring Lab sind in den<a href=\"https:\/\/www.hiringlab.org\/indeed-data-faq-2\/\" target=\"_blank\" rel=\"noreferrer noopener\"> H\u00e4ufig gestellten Fragen<\/a> zu finden.<\/p>\n\n\n\n<h3 class=\"wp-block-heading has-text-align-center\"><strong><em>Unser Team<\/em><\/strong><\/h3>\n\n\n\n<p>Das Team des Indeed Hiring Lab verf\u00fcgt \u00fcber ein breites Spektrum an Erfahrungen in den Bereichen \u00f6ffentliche Verwaltung, Finanzen, Politik und Datenanalyse. Es setzt sich mit Leidenschaft daf\u00fcr ein, den Wissensstand \u00fcber den komplexen und sich rasant wandelnden Arbeitsmarkt von heute zu verbessern.<\/p>\n\n\n\n<p>Unsere Wirtschaftsexpert*innen sind in Australien, Deutschland, Frankreich, Gro\u00dfbritannien, Irland, Japan, Kanada und den USA t\u00e4tig und verf\u00fcgen \u00fcber ein umfassendes Wissen zu den Einflussfaktoren, die auf die globalen M\u00e4rkte wirken.<\/p>\n\n\n\n<p>Wenn Sie weitere Informationen zum Indeed Hiring Lab w\u00fcnschen, senden Sie uns bitte eine E-Mail an <strong>hiringlabinfo@indeed.com<\/strong>. F\u00fcr Medienanfragen wenden Sie sich bitte an <strong>EMEA_PR@indeed.com<\/strong>.<\/p>\n","protected":false},"excerpt":{"rendered":"<p>Unsere Forschungsprinzipien \u00dcber uns Das Indeed Hiring Lab &nbsp;gewinnt aus Daten neue Erkenntnisse \u00fcber den globalen Arbeitsmarkt und ist Impulsgeber in der Debatte zum Thema Arbeit. Das Indeed Hiring Lab ist der wirtschaftswissenschaftliche Zweig von Indeed, der weltweit f\u00fchrenden Jobb\u00f6rse. Unser Team aus hochqualifizierten Economists und Data Scientists informiert in Echtzeit \u00fcber aktuelle Entwicklungen auf [&hellip;]<\/p>\n","protected":false},"author":99,"featured_media":0,"parent":0,"menu_order":0,"comment_status":"closed","ping_status":"closed","template":"authors-list.php","meta":{"_acf_changed":false,"footnotes":""},"page_mwm_category":[],"page_topic":[],"page_content_type":[],"page_duration":[],"page_actions":[],"page_franchise":[],"page_mwm_author":[],"class_list":["post-12312","page","type-page","status-publish","hentry"],"acf":[],"yoast_head":"<!-- This site is optimized with the Yoast SEO plugin v27.5 - https:\/\/yoast.com\/product\/yoast-seo-wordpress\/ -->\n<title>\u00dcber uns - Indeed Hiring Lab Germany<\/title>\n<meta name=\"description\" content=\"Das Indeed Hiring Lab ist ein internationales Team von Arbeitsmarktexperten und Datenanalysten, welches Trends und Entwicklungen auf dem Arbeitsmarkt erforscht.\" \/>\n<meta name=\"robots\" content=\"index, follow, max-snippet:-1, max-image-preview:large, max-video-preview:-1\" \/>\n<link rel=\"canonical\" href=\"https:\/\/www.hiringlab.org\/de\/uber-uns\/\" \/>\n<meta property=\"og:locale\" content=\"de_DE\" \/>\n<meta property=\"og:type\" content=\"article\" \/>\n<meta property=\"og:title\" content=\"\u00dcber uns - Indeed Hiring Lab Germany\" \/>\n<meta property=\"og:description\" content=\"Das Indeed Hiring Lab ist ein internationales Team von Arbeitsmarktexperten und Datenanalysten, welches Trends und Entwicklungen auf dem Arbeitsmarkt erforscht.\" \/>\n<meta property=\"og:url\" content=\"https:\/\/www.hiringlab.org\/de\/uber-uns\/\" \/>\n<meta property=\"og:site_name\" content=\"Indeed Hiring Lab Germany\" \/>\n<meta property=\"article:modified_time\" content=\"2025-03-26T17:07:29+00:00\" \/>\n<meta name=\"twitter:card\" content=\"summary_large_image\" \/>\n<script type=\"application\/ld+json\" class=\"yoast-schema-graph\">{\"@context\":\"https:\\\/\\\/schema.org\",\"@graph\":[{\"@type\":\"WebPage\",\"@id\":\"https:\\\/\\\/www.hiringlab.org\\\/de\\\/uber-uns\\\/\",\"url\":\"https:\\\/\\\/www.hiringlab.org\\\/de\\\/uber-uns\\\/\",\"name\":\"\u00dcber uns - Indeed Hiring Lab Germany\",\"isPartOf\":{\"@id\":\"https:\\\/\\\/www.hiringlab.org\\\/de\\\/#website\"},\"datePublished\":\"2022-04-12T15:35:57+00:00\",\"dateModified\":\"2025-03-26T17:07:29+00:00\",\"description\":\"Das Indeed Hiring Lab ist ein internationales Team von Arbeitsmarktexperten und Datenanalysten, welches Trends und Entwicklungen auf dem Arbeitsmarkt erforscht.\",\"breadcrumb\":{\"@id\":\"https:\\\/\\\/www.hiringlab.org\\\/de\\\/uber-uns\\\/#breadcrumb\"},\"inLanguage\":\"de-DE\",\"potentialAction\":[{\"@type\":\"ReadAction\",\"target\":[\"https:\\\/\\\/www.hiringlab.org\\\/de\\\/uber-uns\\\/\"]}]},{\"@type\":\"BreadcrumbList\",\"@id\":\"https:\\\/\\\/www.hiringlab.org\\\/de\\\/uber-uns\\\/#breadcrumb\",\"itemListElement\":[{\"@type\":\"ListItem\",\"position\":1,\"name\":\"Home\",\"item\":\"https:\\\/\\\/www.hiringlab.org\\\/de\\\/\"},{\"@type\":\"ListItem\",\"position\":2,\"name\":\"\u00dcber uns\"}]},{\"@type\":\"WebSite\",\"@id\":\"https:\\\/\\\/www.hiringlab.org\\\/de\\\/#website\",\"url\":\"https:\\\/\\\/www.hiringlab.org\\\/de\\\/\",\"name\":\"Indeed Hiring Lab Germany\",\"description\":\"Just another Wordpress Admins Site Sites site\",\"potentialAction\":[{\"@type\":\"SearchAction\",\"target\":{\"@type\":\"EntryPoint\",\"urlTemplate\":\"https:\\\/\\\/www.hiringlab.org\\\/de\\\/?s={search_term_string}\"},\"query-input\":{\"@type\":\"PropertyValueSpecification\",\"valueRequired\":true,\"valueName\":\"search_term_string\"}}],\"inLanguage\":\"de-DE\"}]}<\/script>\n<!-- \/ Yoast SEO plugin. -->","yoast_head_json":{"title":"\u00dcber uns - Indeed Hiring Lab Germany","description":"Das Indeed Hiring Lab ist ein internationales Team von Arbeitsmarktexperten und Datenanalysten, welches Trends und Entwicklungen auf dem Arbeitsmarkt erforscht.","robots":{"index":"index","follow":"follow","max-snippet":"max-snippet:-1","max-image-preview":"max-image-preview:large","max-video-preview":"max-video-preview:-1"},"canonical":"https:\/\/www.hiringlab.org\/de\/uber-uns\/","og_locale":"de_DE","og_type":"article","og_title":"\u00dcber uns - Indeed Hiring Lab Germany","og_description":"Das Indeed Hiring Lab ist ein internationales Team von Arbeitsmarktexperten und Datenanalysten, welches Trends und Entwicklungen auf dem Arbeitsmarkt erforscht.","og_url":"https:\/\/www.hiringlab.org\/de\/uber-uns\/","og_site_name":"Indeed Hiring Lab Germany","article_modified_time":"2025-03-26T17:07:29+00:00","twitter_card":"summary_large_image","schema":{"@context":"https:\/\/schema.org","@graph":[{"@type":"WebPage","@id":"https:\/\/www.hiringlab.org\/de\/uber-uns\/","url":"https:\/\/www.hiringlab.org\/de\/uber-uns\/","name":"\u00dcber uns - Indeed Hiring Lab Germany","isPartOf":{"@id":"https:\/\/www.hiringlab.org\/de\/#website"},"datePublished":"2022-04-12T15:35:57+00:00","dateModified":"2025-03-26T17:07:29+00:00","description":"Das Indeed Hiring Lab ist ein internationales Team von Arbeitsmarktexperten und Datenanalysten, welches Trends und Entwicklungen auf dem Arbeitsmarkt erforscht.","breadcrumb":{"@id":"https:\/\/www.hiringlab.org\/de\/uber-uns\/#breadcrumb"},"inLanguage":"de-DE","potentialAction":[{"@type":"ReadAction","target":["https:\/\/www.hiringlab.org\/de\/uber-uns\/"]}]},{"@type":"BreadcrumbList","@id":"https:\/\/www.hiringlab.org\/de\/uber-uns\/#breadcrumb","itemListElement":[{"@type":"ListItem","position":1,"name":"Home","item":"https:\/\/www.hiringlab.org\/de\/"},{"@type":"ListItem","position":2,"name":"\u00dcber uns"}]},{"@type":"WebSite","@id":"https:\/\/www.hiringlab.org\/de\/#website","url":"https:\/\/www.hiringlab.org\/de\/","name":"Indeed Hiring Lab Germany","description":"Just another Wordpress Admins Site Sites site","potentialAction":[{"@type":"SearchAction","target":{"@type":"EntryPoint","urlTemplate":"https:\/\/www.hiringlab.org\/de\/?s={search_term_string}"},"query-input":{"@type":"PropertyValueSpecification","valueRequired":true,"valueName":"search_term_string"}}],"inLanguage":"de-DE"}]}},"_links":{"self":[{"href":"https:\/\/www.hiringlab.org\/de\/wp-json\/wp\/v2\/pages\/12312","targetHints":{"allow":["GET"]}}],"collection":[{"href":"https:\/\/www.hiringlab.org\/de\/wp-json\/wp\/v2\/pages"}],"about":[{"href":"https:\/\/www.hiringlab.org\/de\/wp-json\/wp\/v2\/types\/page"}],"author":[{"embeddable":true,"href":"https:\/\/www.hiringlab.org\/de\/wp-json\/wp\/v2\/users\/99"}],"replies":[{"embeddable":true,"href":"https:\/\/www.hiringlab.org\/de\/wp-json\/wp\/v2\/comments?post=12312"}],"version-history":[{"count":0,"href":"https:\/\/www.hiringlab.org\/de\/wp-json\/wp\/v2\/pages\/12312\/revisions"}],"wp:attachment":[{"href":"https:\/\/www.hiringlab.org\/de\/wp-json\/wp\/v2\/media?parent=12312"}],"wp:term":[{"taxonomy":"page_mwm_category","embeddable":true,"href":"https:\/\/www.hiringlab.org\/de\/wp-json\/wp\/v2\/page_mwm_category?post=12312"},{"taxonomy":"page_topic","embeddable":true,"href":"https:\/\/www.hiringlab.org\/de\/wp-json\/wp\/v2\/page_topic?post=12312"},{"taxonomy":"page_content_type","embeddable":true,"href":"https:\/\/www.hiringlab.org\/de\/wp-json\/wp\/v2\/page_content_type?post=12312"},{"taxonomy":"page_duration","embeddable":true,"href":"https:\/\/www.hiringlab.org\/de\/wp-json\/wp\/v2\/page_duration?post=12312"},{"taxonomy":"page_actions","embeddable":true,"href":"https:\/\/www.hiringlab.org\/de\/wp-json\/wp\/v2\/page_actions?post=12312"},{"taxonomy":"page_franchise","embeddable":true,"href":"https:\/\/www.hiringlab.org\/de\/wp-json\/wp\/v2\/page_franchise?post=12312"},{"taxonomy":"page_mwm_author","embeddable":true,"href":"https:\/\/www.hiringlab.org\/de\/wp-json\/wp\/v2\/page_mwm_author?post=12312"}],"curies":[{"name":"wp","href":"https:\/\/api.w.org\/{rel}","templated":true}]}}